{"id":10387,"date":"2019-02-18T11:40:06","date_gmt":"2019-02-18T11:40:06","guid":{"rendered":"https:\/\/www.solarispowercharter.com\/aviso-legal\/"},"modified":"2019-02-18T11:40:06","modified_gmt":"2019-02-18T11:40:06","slug":"aviso-legal","status":"publish","type":"page","link":"https:\/\/www.solarispowercharter.com\/de\/aviso-legal\/","title":{"rendered":"AVISO LEGAL"},"content":{"rendered":"<p>En cumplimiento del art\u00edculo 10 de la Ley 34\/2002, del 11 de julio, de Servicios de la Sociedad de la Informaci\u00f3n y Comercio Electr\u00f3nico (LSSICE), se exponen a continuaci\u00f3n los datos identificativos de la empresa.<\/p>\n<ul>\n<li>Denominaci\u00f3n social: OCEAN DREAMS Mediterraneo SL<\/li>\n<li>C.I.F:\u00a0B-57940728<\/li>\n<li>Domicilio social:\u00a0Gran V\u00eda 22, Port Adriano Village, E-07180,El Toro<\/li>\n<li>Correo electr\u00f3nico:\u00a0<a href=\"mailto:info@oceandreamsmallorca.com\">info@oceandreamsmallorca.com<\/a><\/li>\n<li>Tel\u00e9fono:\u00a0+34 971 404 588<\/li>\n<\/ul>\n<p>Inscrita en el Registro Mercantil de\u00a0Palma de Mallorca, volum\u00e9n 2636, libro 0 folio 97, p\u00e1gina PM-77559.<\/p>\n","protected":false},"excerpt":{"rendered":"<p>En cumplimiento del art\u00edculo 10 de la Ley 34\/2002, del 11 de julio, de Servicios de la Sociedad de la Informaci\u00f3n y Comercio Electr\u00f3nico (LSSICE),&#8230;<\/p>\n","protected":false},"author":1,"featured_media":0,"parent":0,"menu_order":0,"comment_status":"closed","ping_status":"closed","template":"","meta":{"footnotes":""},"class_list":["post-10387","page","type-page","status-publish"],"_links":{"self":[{"href":"https:\/\/www.solarispowercharter.com\/de\/wp-json\/wp\/v2\/pages\/10387\/"}],"collection":[{"href":"https:\/\/www.solarispowercharter.com\/de\/wp-json\/wp\/v2\/pages\/"}],"about":[{"href":"https:\/\/www.solarispowercharter.com\/de\/wp-json\/wp\/v2\/types\/page\/"}],"author":[{"embeddable":true,"href":"https:\/\/www.solarispowercharter.com\/de\/wp-json\/wp\/v2\/users\/1\/"}],"replies":[{"embeddable":true,"href":"https:\/\/www.solarispowercharter.com\/de\/wp-json\/wp\/v2\/comments\/?post=10387"}],"version-history":[{"count":0,"href":"https:\/\/www.solarispowercharter.com\/de\/wp-json\/wp\/v2\/pages\/10387\/revisions\/"}],"wp:attachment":[{"href":"https:\/\/www.solarispowercharter.com\/de\/wp-json\/wp\/v2\/media\/?parent=10387"}],"curies":[{"name":"wp","href":"https:\/\/api.w.org\/{rel}","templated":true}]}}