{"id":8376,"date":"2018-12-03T10:11:18","date_gmt":"2018-12-03T10:11:18","guid":{"rendered":"https:\/\/www.solarispowercharter.com\/politica-de-privacidad\/"},"modified":"2019-02-28T10:47:59","modified_gmt":"2019-02-28T10:47:59","slug":"politique-de-confidentialite","status":"publish","type":"page","link":"https:\/\/www.solarispowercharter.com\/fr\/politique-de-confidentialite\/","title":{"rendered":"POLITIQUE DE CONFIDENTIALIT\u00c9"},"content":{"rendered":"<h2><strong><em>Este documento fue modificado por \u00faltima vez el 10 de Abril de 2016<code>.<\/code><\/em><\/strong><\/h2>\n<p><span class=\"im\">Por medio de este sitio web se recogen datos de car\u00e1cter personal necesarios para la gesti\u00f3n y mantenimiento de algunos de nuestros servicios. Sin perjuicio de las finalidades que en cada caso se indiquen, dicha informaci\u00f3n ser\u00e1 guardada y gestionada con su debida confidencialidad, aplicando las medidas de seguridad inform\u00e1tica establecidas en la legislaci\u00f3n aplicable para impedir el acceso o uso indebido de sus datos, su manipulaci\u00f3n, deterioro o p\u00e9rdida. En cualquier momento puede usted ejercer sus derechos de acceso, rectificaci\u00f3n o cancelaci\u00f3n en relaci\u00f3n con dichos datos, dirigiendo su solicitud a la direcci\u00f3n del titular de los ficheros. Puede encontrar formularios para el ejercicio de sus derechos en el sitio web de la Agencia de Protecci\u00f3n de Datos.<\/span><\/p>\n<p>Sus datos se incorporar\u00e1n a un fichero inscrito en el Registro General del Protecci\u00f3n de Datos, responsabilidad de OceanDreams Mediterraneo SL con domicilio en\u00a0Gran V\u00eda 22, Port Adriano Village, E-07180,El Toro<\/p>\n<p>Sus datos ser\u00e1n usados para ponernos en contacto con usted, si as\u00ed lo solicita, o para efectuar la petici\u00f3n de informaci\u00f3n o de reserva de uno de los servicios ofrecidos. Este proceso puede implicar la cesi\u00f3n de sus datos a terceros directamente relacionados con la prestaci\u00f3n del servicio. Esta cesi\u00f3n de datos se producir\u00e1 \u00fanicamente cuando sea imprescindible.<\/p>\n<h2><strong>\u00bfQu\u00e9 informaci\u00f3n recopilamos?<\/strong><\/h2>\n<p>Recopilamos informaci\u00f3n sobre usted cuando se registra en nuestro sitio o se suscribe a nuestro bolet\u00edn. Al hacer un pedido o registrarse en nuestro sitio, si es pertinente, se le puede pedir que introduzca su nombre, direcci\u00f3n de correo electr\u00f3nico o n\u00famero de tel\u00e9fono. Es posible, sin embargo, visitar nuestro sitio de forma an\u00f3nima.<\/p>\n<h2><strong>\u00bfPara qu\u00e9 utilizamos su informaci\u00f3n?<\/strong><\/h2>\n<p>La informaci\u00f3n que obtenemos de usted puede ser utilizada de una de las siguientes maneras:<\/p>\n<ul>\n<li>Para personalizar su experiencia: Su informaci\u00f3n nos ayuda a responder mejor a sus necesidades individuales.<\/li>\n<li>Para mejorar nuestro sitio web: Mejoramos continuamente la oferta de nuestro sitio web bas\u00e1ndonos en la informaci\u00f3n y la retroalimentaci\u00f3n que recibimos de usted.<\/li>\n<li>Para mejorar el servicio al cliente: Su informaci\u00f3n nos ayuda a responder m\u00e1s eficazmente a las solicitudes de atenci\u00f3n al cliente y las solicitudes de asistencia.<\/li>\n<li>Para enviar correos electr\u00f3nicos peri\u00f3dicos.<\/li>\n<\/ul>\n<p>La direcci\u00f3n de correo electr\u00f3nico que usted proporciona para el procesamiento de pedidos se puede utilizar para enviar informaci\u00f3n y las actualizaciones correspondientes a su pedido, adem\u00e1s de recibir informaci\u00f3n de noticias de la empresa, actualizaciones, producto o servicio relacionado ocasionalmente, etc.<\/p>\n<p>Nota: Si en alg\u00fan momento desea dejar de recibir futuros correos electr\u00f3nicos, las instrucciones para darse de baja se incluyen en la parte inferior de cada correo electr\u00f3nico.<\/p>\n<h2><strong>\u00bfC\u00f3mo protegemos su informaci\u00f3n?<\/strong><\/h2>\n<p>De acuerdo con la legislaci\u00f3n vigente, implementamos diversas medidas de seguridad para mantener la integridad de su informaci\u00f3n personal cuando usted introduce, env\u00eda o accede a su informaci\u00f3n personal.<\/p>\n<h2><strong>Cookies<\/strong><\/h2>\n<p>Lea nuestra pol\u00edtica de cookies, donde se establece el uso de las mismas en nuestro sitio web.<\/p>\n<h2><strong>\u00bfRevelamos informaci\u00f3n a terceros?<\/strong><\/h2>\n<p>Nosotros no vendemos, comerciamos con, o transferimos sus datos personales a terceros. Esto no incluye a terceras partes de confianza que nos ayudan en la operaci\u00f3n de nuestro sitio web, la gesti\u00f3n de nuestro negocio o a ofrecerle un servicio, siempre que dichas partes se comprometan a mantener la confidencialidad de dicha informaci\u00f3n. Tambi\u00e9n podemos revelar su informaci\u00f3n cuando creemos que es necesario para cumplir con la ley, hacer cumplir las pol\u00edticas de nuestro sitio o para proteger nuestra propiedad, seguridad o derechos, o los de terceros. Sin embargo, la informaci\u00f3n de su visita que no permita identificarle personalmente puede ser proporcionada a terceros para su comercializaci\u00f3n, publicidad u otros usos.<\/p>\n<h2><strong>Pol\u00edtica de privacidad \u00fanicamente en l\u00ednea<\/strong><\/h2>\n<p>Esta pol\u00edtica de privacidad en l\u00ednea se aplica \u00fanicamente a la informaci\u00f3n recogida a trav\u00e9s de nuestra p\u00e1gina web y no a la informaci\u00f3n recogida por otros medios.<\/p>\n<h2><strong>T\u00e9rminos y condiciones<\/strong><\/h2>\n<p>Visite nuestra secci\u00f3n de\u00a0<a href=\"http:\/\/www.oceandreamscharter.com\/es\/terminos-y-condiciones\">t\u00e9rminos y condiciones<\/a>, donde se establece el uso, las renuncias y las limitaciones de responsabilidad que rigen el uso de nuestro sitio web.<\/p>\n<h2><strong>Consentimiento<\/strong><\/h2>\n<p>Al utilizar nuestro sitio, usted acepta la pol\u00edtica de privacidad de nuestro sitio web.<\/p>\n<h2><strong>Modificaciones<\/strong><\/h2>\n<p>Si decidimos cambiar nuestra pol\u00edtica de privacidad actualizaremos la fecha de modificaci\u00f3n de este documento.<\/p>\n<h2><strong>C\u00f3mo ponerse en contacto con nosotros<\/strong><\/h2>\n<p>Si tiene alguna pregunta sobre esta pol\u00edtica de privacidad, puede ponerse en contacto con nosotros a trav\u00e9s de los mecanismos disponibles en nuestra p\u00e1gina de contacto.<\/p>\n","protected":false},"excerpt":{"rendered":"<p>Este documento fue modificado por \u00faltima vez el 10 de Abril de 2016. Por medio de este sitio web se recogen datos de car\u00e1cter personal&#8230;<\/p>\n","protected":false},"author":1,"featured_media":0,"parent":0,"menu_order":0,"comment_status":"closed","ping_status":"closed","template":"","meta":{"footnotes":""},"class_list":["post-8376","page","type-page","status-publish"],"_links":{"self":[{"href":"https:\/\/www.solarispowercharter.com\/fr\/wp-json\/wp\/v2\/pages\/8376\/"}],"collection":[{"href":"https:\/\/www.solarispowercharter.com\/fr\/wp-json\/wp\/v2\/pages\/"}],"about":[{"href":"https:\/\/www.solarispowercharter.com\/fr\/wp-json\/wp\/v2\/types\/page\/"}],"author":[{"embeddable":true,"href":"https:\/\/www.solarispowercharter.com\/fr\/wp-json\/wp\/v2\/users\/1\/"}],"replies":[{"embeddable":true,"href":"https:\/\/www.solarispowercharter.com\/fr\/wp-json\/wp\/v2\/comments\/?post=8376"}],"version-history":[{"count":0,"href":"https:\/\/www.solarispowercharter.com\/fr\/wp-json\/wp\/v2\/pages\/8376\/revisions\/"}],"wp:attachment":[{"href":"https:\/\/www.solarispowercharter.com\/fr\/wp-json\/wp\/v2\/media\/?parent=8376"}],"curies":[{"name":"wp","href":"https:\/\/api.w.org\/{rel}","templated":true}]}}